{"id":1016,"date":"2021-11-08T14:17:18","date_gmt":"2021-11-08T11:17:18","guid":{"rendered":"https:\/\/koparanbrb.com\/hakkimizda\/"},"modified":"2024-12-17T15:14:31","modified_gmt":"2024-12-17T12:14:31","slug":"about-us","status":"publish","type":"page","link":"https:\/\/koparanbrb.com\/en\/about-us\/","title":{"rendered":"About us"},"content":{"rendered":"\t\t<div data-elementor-type=\"wp-page\" data-elementor-id=\"1016\" class=\"elementor elementor-1016 elementor-38\">\n\t\t\t\t\t\t<section class=\"elementor-section elementor-top-section elementor-element elementor-element-c0da754 elementor-section-boxed elementor-section-height-default elementor-section-height-default sc_fly_static\" data-id=\"c0da754\" data-element_type=\"section\">\n\t\t\t\t\t\t<div class=\"elementor-container elementor-column-gap-extended\">\n\t\t\t\t\t<div class=\"elementor-column elementor-col-100 elementor-top-column elementor-element elementor-element-f65c7dd sc_inner_width_none sc_content_align_inherit sc_layouts_column_icons_position_left sc_fly_static\" data-id=\"f65c7dd\" data-element_type=\"column\">\n\t\t\t<div class=\"elementor-widget-wrap elementor-element-populated\">\n\t\t\t\t\t\t<div class=\"elementor-element elementor-element-5067867 sc_height_huge sc_fly_static elementor-widget elementor-widget-spacer\" data-id=\"5067867\" data-element_type=\"widget\" data-widget_type=\"spacer.default\">\n\t\t\t\t<div class=\"elementor-widget-container\">\n\t\t\t\t\t<div class=\"elementor-spacer\">\n\t\t\t<div class=\"elementor-spacer-inner\"><\/div>\n\t\t<\/div>\n\t\t\t\t<\/div>\n\t\t\t\t<\/div>\n\t\t\t\t\t<\/div>\n\t\t<\/div>\n\t\t\t\t\t<\/div>\n\t\t<\/section>\n\t\t\t\t<section class=\"elementor-section elementor-top-section elementor-element elementor-element-24bc57e4 elementor-section-content-middle elementor-section-boxed elementor-section-height-default elementor-section-height-default sc_fly_static\" data-id=\"24bc57e4\" data-element_type=\"section\">\n\t\t\t\t\t\t<div class=\"elementor-container elementor-column-gap-extended\">\n\t\t\t\t\t<div class=\"elementor-column elementor-col-50 elementor-top-column elementor-element elementor-element-467f3dd6 sc_inner_width_none sc_content_align_inherit sc_layouts_column_icons_position_left sc_fly_static\" data-id=\"467f3dd6\" data-element_type=\"column\">\n\t\t\t<div class=\"elementor-widget-wrap elementor-element-populated\">\n\t\t\t\t\t\t<div class=\"elementor-element elementor-element-449f334c elementor-absolute sc_fly_static elementor-widget elementor-widget-image\" data-id=\"449f334c\" data-element_type=\"widget\" data-settings=\"{&quot;_position&quot;:&quot;absolute&quot;}\" data-widget_type=\"image.default\">\n\t\t\t\t<div class=\"elementor-widget-container\">\n\t\t\t\t\t\t\t\t\t\t\t\t\t<img fetchpriority=\"high\" decoding=\"async\" width=\"419\" height=\"127\" src=\"https:\/\/koparanbrb.com\/wp-content\/uploads\/2024\/12\/koparan-brb-logo-b.png\" class=\"attachment-full size-full wp-image-446\" alt=\"\" srcset=\"https:\/\/koparanbrb.com\/wp-content\/uploads\/2024\/12\/koparan-brb-logo-b.png 419w, https:\/\/koparanbrb.com\/wp-content\/uploads\/2024\/12\/koparan-brb-logo-b-300x91.png 300w, https:\/\/koparanbrb.com\/wp-content\/uploads\/2024\/12\/koparan-brb-logo-b-370x112.png 370w, https:\/\/koparanbrb.com\/wp-content\/uploads\/2024\/12\/koparan-brb-logo-b-410x124.png 410w\" sizes=\"(max-width: 600px) 100vw, 419px\" \/>\t\t\t\t\t\t\t\t\t\t\t\t\t<\/div>\n\t\t\t\t<\/div>\n\t\t\t\t<div data-parallax-params=\"{&quot;parallax&quot;:1,&quot;flow&quot;:&quot;default&quot;,&quot;crop&quot;:&quot;none&quot;,&quot;ease&quot;:&quot;power2&quot;,&quot;duration&quot;:1,&quot;delay&quot;:0,&quot;squeeze&quot;:1,&quot;text&quot;:&quot;block&quot;,&quot;text_separate&quot;:0,&quot;text_wrap&quot;:0,&quot;mouse&quot;:1,&quot;mouse_type&quot;:&quot;transform&quot;,&quot;mouse_tilt_amount&quot;:70,&quot;mouse_speed&quot;:5,&quot;mouse_z&quot;:&quot;&quot;,&quot;mouse_handler&quot;:&quot;window&quot;,&quot;range_start&quot;:0,&quot;range_end&quot;:10,&quot;sticky_offset&quot;:0,&quot;lag&quot;:0,&quot;x_start&quot;:0,&quot;x_start_unit&quot;:&quot;px&quot;,&quot;x_end&quot;:0,&quot;x_end_unit&quot;:&quot;px&quot;,&quot;y_start&quot;:0,&quot;y_start_unit&quot;:&quot;px&quot;,&quot;y_end&quot;:0,&quot;y_end_unit&quot;:&quot;px&quot;,&quot;scale_start&quot;:100,&quot;scale_end&quot;:100,&quot;rotate_start&quot;:0,&quot;rotate_end&quot;:0,&quot;opacity_start&quot;:1,&quot;opacity_end&quot;:1,&quot;crop_start&quot;:0,&quot;crop_end&quot;:100}\" class=\"elementor-element elementor-element-45982703 elementor-widget__width-auto elementor-absolute sc_parallax sc_parallax_mouse sc_parallax_type_transform sc_fly_static sc_parallax_default elementor-widget elementor-widget-image\" data-id=\"45982703\" data-element_type=\"widget\" data-settings=\"{&quot;_position&quot;:&quot;absolute&quot;}\" data-widget_type=\"image.default\">\n\t\t\t\t<div class=\"elementor-widget-container\">\n\t\t\t\t\t\t\t\t\t\t\t\t\t<img decoding=\"async\" width=\"1218\" height=\"913\" src=\"https:\/\/koparanbrb.com\/wp-content\/uploads\/2024\/12\/koparan-brb-uygulama-3-1.jpg\" class=\"attachment-full size-full wp-image-587\" alt=\"\" srcset=\"https:\/\/koparanbrb.com\/wp-content\/uploads\/2024\/12\/koparan-brb-uygulama-3-1.jpg 1218w, https:\/\/koparanbrb.com\/wp-content\/uploads\/2024\/12\/koparan-brb-uygulama-3-1-300x225.jpg 300w, https:\/\/koparanbrb.com\/wp-content\/uploads\/2024\/12\/koparan-brb-uygulama-3-1-1024x768.jpg 1024w, https:\/\/koparanbrb.com\/wp-content\/uploads\/2024\/12\/koparan-brb-uygulama-3-1-768x576.jpg 768w, https:\/\/koparanbrb.com\/wp-content\/uploads\/2024\/12\/koparan-brb-uygulama-3-1-370x277.jpg 370w, https:\/\/koparanbrb.com\/wp-content\/uploads\/2024\/12\/koparan-brb-uygulama-3-1-840x630.jpg 840w, https:\/\/koparanbrb.com\/wp-content\/uploads\/2024\/12\/koparan-brb-uygulama-3-1-410x307.jpg 410w\" sizes=\"(max-width: 1218px) 100vw, 1218px\" \/>\t\t\t\t\t\t\t\t\t\t\t\t\t<\/div>\n\t\t\t\t<\/div>\n\t\t\t\t\t<\/div>\n\t\t<\/div>\n\t\t\t\t<div class=\"elementor-column elementor-col-50 elementor-top-column elementor-element elementor-element-7ad4e62d sc_inner_width_none sc_content_align_inherit sc_layouts_column_icons_position_left sc_fly_static\" data-id=\"7ad4e62d\" data-element_type=\"column\">\n\t\t\t<div class=\"elementor-widget-wrap elementor-element-populated\">\n\t\t\t\t\t\t<div class=\"elementor-element elementor-element-7ca8809d sc_fly_static elementor-widget elementor-widget-trx_sc_title\" data-id=\"7ca8809d\" data-element_type=\"widget\" data-widget_type=\"trx_sc_title.default\">\n\t\t\t\t<div class=\"elementor-widget-container\">\n\t\t\t<div\t\tclass=\"sc_title sc_title_default\" ><h1 class=\"sc_item_title sc_title_title sc_item_title_style_default sc_item_title_tag\"\n\t\t\t><span class=\"sc_item_title_text\">About Us\n\n<\/span><\/h1><\/div>\t\t<\/div>\n\t\t\t\t<\/div>\n\t\t\t\t<div class=\"elementor-element elementor-element-49b287b2 sc_height_tiny sc_fly_static elementor-widget elementor-widget-spacer\" data-id=\"49b287b2\" data-element_type=\"widget\" data-widget_type=\"spacer.default\">\n\t\t\t\t<div class=\"elementor-widget-container\">\n\t\t\t\t\t<div class=\"elementor-spacer\">\n\t\t\t<div class=\"elementor-spacer-inner\"><\/div>\n\t\t<\/div>\n\t\t\t\t<\/div>\n\t\t\t\t<\/div>\n\t\t\t\t<div class=\"elementor-element elementor-element-b050f85 sc_fly_static elementor-widget elementor-widget-text-editor\" data-id=\"b050f85\" data-element_type=\"widget\" data-widget_type=\"text-editor.default\">\n\t\t\t\t<div class=\"elementor-widget-container\">\n\t\t\t\t\t\t\t<p><span style=\"color: #000000;\">Koparan BRB is a brand of Koparan M\u00fchendislik Yap\u0131 ve End\u00fcstri Tesisleri Ltd. \u015eti., which has been providing project and contracting services in the construction sector since 2014. It was established to offer fast, economical, and easily applicable strengthening solutions to address Turkey&#8217;s structural safety needs as a country located in a seismic zone.<\/span><\/p><p><span style=\"color: #000000;\">Starting its operations in 2024, Koparan BRB specializes in the rapid and effective strengthening of structures, particularly through the use of buckling-restrained braces (BRB). Its first project involved successfully reinforcing the administrative building of an international company, marking a strong entry into the industry.<\/span><\/p><p><span style=\"color: #000000;\">Koparan BRB operates with the mission of ensuring the seismic safety of the building stock in our resource-limited country in the most economical and efficient way. With its innovative approach and engineering solutions, it aims to take a leading role in the field of structural safety.<\/span><\/p>\t\t\t\t\t\t<\/div>\n\t\t\t\t<\/div>\n\t\t\t\t<div class=\"elementor-element elementor-element-95cab9d sc_height_tiny sc_fly_static elementor-widget elementor-widget-spacer\" data-id=\"95cab9d\" data-element_type=\"widget\" data-widget_type=\"spacer.default\">\n\t\t\t\t<div class=\"elementor-widget-container\">\n\t\t\t\t\t<div class=\"elementor-spacer\">\n\t\t\t<div class=\"elementor-spacer-inner\"><\/div>\n\t\t<\/div>\n\t\t\t\t<\/div>\n\t\t\t\t<\/div>\n\t\t\t\t\t<\/div>\n\t\t<\/div>\n\t\t\t\t\t<\/div>\n\t\t<\/section>\n\t\t\t\t<section class=\"elementor-section elementor-top-section elementor-element elementor-element-c3b04ae elementor-section-boxed elementor-section-height-default elementor-section-height-default sc_fly_static\" data-id=\"c3b04ae\" data-element_type=\"section\">\n\t\t\t\t\t\t<div class=\"elementor-container elementor-column-gap-extended\">\n\t\t\t\t\t<div class=\"elementor-column elementor-col-25 elementor-top-column elementor-element elementor-element-be75419 sc_inner_width_none sc_content_align_inherit sc_layouts_column_icons_position_left sc_fly_static\" data-id=\"be75419\" data-element_type=\"column\" data-settings=\"{&quot;background_background&quot;:&quot;classic&quot;}\">\n\t\t\t<div class=\"elementor-widget-wrap elementor-element-populated\">\n\t\t\t\t\t\t<div class=\"elementor-element elementor-element-a12389b sc_fly_static elementor-widget elementor-widget-image\" data-id=\"a12389b\" data-element_type=\"widget\" data-widget_type=\"image.default\">\n\t\t\t\t<div class=\"elementor-widget-container\">\n\t\t\t\t\t\t\t\t\t\t\t\t\t<img decoding=\"async\" src=\"https:\/\/koparanbrb.com\/wp-content\/uploads\/elementor\/thumbs\/koparan-yapi-partner-qyltxk0nv82zqbecx2ofo4ge6ghtn43qdr4mxl4lq8.png\" title=\"koparan-yapi-partner\" alt=\"koparan-yapi-partner\" loading=\"lazy\" \/>\t\t\t\t\t\t\t\t\t\t\t\t\t<\/div>\n\t\t\t\t<\/div>\n\t\t\t\t\t<\/div>\n\t\t<\/div>\n\t\t\t\t<div class=\"elementor-column elementor-col-25 elementor-top-column elementor-element elementor-element-9475051 sc_inner_width_none sc_content_align_inherit sc_layouts_column_icons_position_left sc_fly_static\" data-id=\"9475051\" data-element_type=\"column\">\n\t\t\t<div class=\"elementor-widget-wrap elementor-element-populated\">\n\t\t\t\t\t\t<div class=\"elementor-element elementor-element-1396804 sc_fly_static elementor-widget elementor-widget-image\" data-id=\"1396804\" data-element_type=\"widget\" data-widget_type=\"image.default\">\n\t\t\t\t<div class=\"elementor-widget-container\">\n\t\t\t\t\t\t\t\t\t\t\t\t\t<img decoding=\"async\" width=\"450\" height=\"300\" src=\"https:\/\/koparanbrb.com\/wp-content\/uploads\/2024\/12\/gebzeuni-logo2.png\" class=\"attachment-full size-full wp-image-603\" alt=\"\" srcset=\"https:\/\/koparanbrb.com\/wp-content\/uploads\/2024\/12\/gebzeuni-logo2.png 450w, https:\/\/koparanbrb.com\/wp-content\/uploads\/2024\/12\/gebzeuni-logo2-300x200.png 300w, https:\/\/koparanbrb.com\/wp-content\/uploads\/2024\/12\/gebzeuni-logo2-370x247.png 370w, https:\/\/koparanbrb.com\/wp-content\/uploads\/2024\/12\/gebzeuni-logo2-410x273.png 410w\" sizes=\"(max-width: 600px) 100vw, 450px\" \/>\t\t\t\t\t\t\t\t\t\t\t\t\t<\/div>\n\t\t\t\t<\/div>\n\t\t\t\t\t<\/div>\n\t\t<\/div>\n\t\t\t\t<div class=\"elementor-column elementor-col-25 elementor-top-column elementor-element elementor-element-67de69c sc_inner_width_none sc_content_align_inherit sc_layouts_column_icons_position_left sc_fly_static\" data-id=\"67de69c\" data-element_type=\"column\" data-settings=\"{&quot;background_background&quot;:&quot;classic&quot;}\">\n\t\t\t<div class=\"elementor-widget-wrap elementor-element-populated\">\n\t\t\t\t\t\t<div class=\"elementor-element elementor-element-bda88b9 sc_fly_static elementor-widget elementor-widget-image\" data-id=\"bda88b9\" data-element_type=\"widget\" data-widget_type=\"image.default\">\n\t\t\t\t<div class=\"elementor-widget-container\">\n\t\t\t\t\t\t\t\t\t\t\t\t\t<img loading=\"lazy\" decoding=\"async\" width=\"450\" height=\"300\" src=\"https:\/\/koparanbrb.com\/wp-content\/uploads\/2024\/12\/ortas-partner.png\" class=\"attachment-full size-full wp-image-601\" alt=\"\" srcset=\"https:\/\/koparanbrb.com\/wp-content\/uploads\/2024\/12\/ortas-partner.png 450w, https:\/\/koparanbrb.com\/wp-content\/uploads\/2024\/12\/ortas-partner-300x200.png 300w, https:\/\/koparanbrb.com\/wp-content\/uploads\/2024\/12\/ortas-partner-370x247.png 370w, https:\/\/koparanbrb.com\/wp-content\/uploads\/2024\/12\/ortas-partner-410x273.png 410w\" sizes=\"(max-width: 600px) 100vw, 450px\" \/>\t\t\t\t\t\t\t\t\t\t\t\t\t<\/div>\n\t\t\t\t<\/div>\n\t\t\t\t\t<\/div>\n\t\t<\/div>\n\t\t\t\t<div class=\"elementor-column elementor-col-25 elementor-top-column elementor-element elementor-element-94c3b89 sc_inner_width_none sc_content_align_inherit sc_layouts_column_icons_position_left sc_fly_static\" data-id=\"94c3b89\" data-element_type=\"column\">\n\t\t\t<div class=\"elementor-widget-wrap elementor-element-populated\">\n\t\t\t\t\t\t<div class=\"elementor-element elementor-element-522a58f sc_fly_static elementor-widget elementor-widget-image\" data-id=\"522a58f\" data-element_type=\"widget\" data-widget_type=\"image.default\">\n\t\t\t\t<div class=\"elementor-widget-container\">\n\t\t\t\t\t\t\t\t\t\t\t\t\t<img loading=\"lazy\" decoding=\"async\" width=\"450\" height=\"300\" src=\"https:\/\/koparanbrb.com\/wp-content\/uploads\/2024\/12\/seismo-tnt-partner.png\" class=\"attachment-full size-full wp-image-602\" alt=\"\" srcset=\"https:\/\/koparanbrb.com\/wp-content\/uploads\/2024\/12\/seismo-tnt-partner.png 450w, https:\/\/koparanbrb.com\/wp-content\/uploads\/2024\/12\/seismo-tnt-partner-300x200.png 300w, https:\/\/koparanbrb.com\/wp-content\/uploads\/2024\/12\/seismo-tnt-partner-370x247.png 370w, https:\/\/koparanbrb.com\/wp-content\/uploads\/2024\/12\/seismo-tnt-partner-410x273.png 410w\" sizes=\"(max-width: 600px) 100vw, 450px\" \/>\t\t\t\t\t\t\t\t\t\t\t\t\t<\/div>\n\t\t\t\t<\/div>\n\t\t\t\t\t<\/div>\n\t\t<\/div>\n\t\t\t\t\t<\/div>\n\t\t<\/section>\n\t\t\t\t<\/div>\n\t\t","protected":false},"excerpt":{"rendered":"<p>About Us Koparan BRB is a brand of Koparan M\u00fchendislik Yap\u0131 ve End\u00fcstri Tesisleri Ltd. \u015eti., which has been providing project and contracting services in the construction sector since 2014.&hellip;<\/p>\n","protected":false},"author":1,"featured_media":0,"parent":0,"menu_order":0,"comment_status":"closed","ping_status":"closed","template":"","meta":{"footnotes":""},"class_list":["post-1016","page","type-page","status-publish","hentry"],"_links":{"self":[{"href":"https:\/\/koparanbrb.com\/en\/wp-json\/wp\/v2\/pages\/1016","targetHints":{"allow":["GET"]}}],"collection":[{"href":"https:\/\/koparanbrb.com\/en\/wp-json\/wp\/v2\/pages"}],"about":[{"href":"https:\/\/koparanbrb.com\/en\/wp-json\/wp\/v2\/types\/page"}],"author":[{"embeddable":true,"href":"https:\/\/koparanbrb.com\/en\/wp-json\/wp\/v2\/users\/1"}],"replies":[{"embeddable":true,"href":"https:\/\/koparanbrb.com\/en\/wp-json\/wp\/v2\/comments?post=1016"}],"version-history":[{"count":13,"href":"https:\/\/koparanbrb.com\/en\/wp-json\/wp\/v2\/pages\/1016\/revisions"}],"predecessor-version":[{"id":1109,"href":"https:\/\/koparanbrb.com\/en\/wp-json\/wp\/v2\/pages\/1016\/revisions\/1109"}],"wp:attachment":[{"href":"https:\/\/koparanbrb.com\/en\/wp-json\/wp\/v2\/media?parent=1016"}],"curies":[{"name":"wp","href":"https:\/\/api.w.org\/{rel}","templated":true}]}}